{"id":2114,"date":"2025-11-19T13:43:00","date_gmt":"2025-11-19T13:43:00","guid":{"rendered":"https:\/\/pafond.rs\/home\/"},"modified":"2026-02-02T08:34:26","modified_gmt":"2026-02-02T08:34:26","slug":"home","status":"publish","type":"page","link":"https:\/\/pafond.rs\/sr\/","title":{"rendered":"Po\u010detna"},"content":{"rendered":"<div class=\"wp-block-uagb-container uagb-block-e56714d1 alignfull uagb-is-root-container\"><div class=\"uagb-container-inner-blocks-wrap\">\n<div class=\"wp-block-uagb-info-box uagb-block-d4034274 uagb-infobox__content-wrap  uagb-infobox-icon-above-title uagb-infobox-image-valign-top\"><div class=\"uagb-ifb-content\"><div class=\"uagb-ifb-title-wrap\"><h4 class=\"uagb-ifb-title-prefix\">Fondacija Nj.K.V. Prestolonaslednika Aleksandra za Kulturu i Obrazovanje<\/h4><div class=\"uagb-ifb-separator\"><\/div><h2 class=\"uagb-ifb-title\">Ja\u010danje Kulture, Obrazovanja i Kreativnog Stvarala\u0161tva<\/h2><\/div><\/div><\/div>\n<\/div><\/div>\n\n\n\n<div class=\"wp-block-uagb-container uagb-block-f1b40df9 alignfull uagb-is-root-container\"><div class=\"uagb-container-inner-blocks-wrap\">\n<div data-aos= \"fade-left\" data-aos-duration=\"400\" data-aos-delay=\"0\" data-aos-easing=\"ease\" data-aos-once=\"true\" class=\"wp-block-uagb-container uagb-block-0efd34ab\">\n<div class=\"wp-block-uagb-info-box uagb-block-bf8dd6c9 uagb-infobox__content-wrap  uagb-infobox-icon-above-title uagb-infobox-image-valign-top\"><div class=\"uagb-ifb-content\"><div class=\"uagb-ifb-title-wrap\"><h2 class=\"uagb-ifb-title\">O Nama<\/h2><\/div><div class=\"uagb-ifb-separator\"><\/div><\/div><\/div>\n\n\n\n<div class=\"wp-block-uagb-container uagb-block-2960f20a\">\n<div class=\"wp-block-uagb-container uagb-block-9dd8fbe8\">\n<div class=\"wp-block-uagb-info-box uagb-block-0c7c6aad uagb-infobox__content-wrap  uagb-infobox-icon-above-title uagb-infobox-image-valign-top wp-block-uagb-info-box--has-margin\"><div class=\"uagb-infobox-margin-wrapper\"><div class=\"uagb-ifb-content\"><div class=\"uagb-ifb-title-wrap\"><\/div><p class=\"uagb-ifb-desc\">Na\u0161a misija je da negujemo, podsti\u010demo i podr\u017eavamo dru\u0161tvo u ostvarivanju njegovog punog potencijala kroz obrazovanje, kreativne industrije, umetnost i kulturu, pru\u017eaju\u0107i sveobuhvatnu, adekvatnu i kontinuiranu podr\u0161ku njihovom razvoju i \u0161irenju. Na\u0161 cilj je da damo vetar u le\u0111a pozitivnim promenama, podsti\u010du\u0107i inovacije, promociju kulturnog nasle\u0111a i razvoj dru\u0161tva koje slavi talenat, kreativnost i obrazovanje.<\/p><\/div><\/div><\/div>\n<\/div>\n<\/div>\n\n\n\n<div class=\"wp-block-uagb-buttons uagb-buttons__outer-wrap uagb-btn__default-btn uagb-btn-tablet__default-btn uagb-btn-mobile__default-btn uagb-block-047168da\"><div class=\"uagb-buttons__wrap uagb-buttons-layout-wrap\">\n<div class=\"wp-block-uagb-buttons-child uagb-buttons__outer-wrap uagb-block-54c09e22 wp-block-button\"><div class=\"uagb-button__wrapper\"><a class=\"uagb-buttons-repeater wp-block-button__link\" aria-label=\"\" href=\"https:\/\/pafond.rs\/sr\/about-us\/\" rel=\"follow noopener\" target=\"_self\" role=\"button\"><div class=\"uagb-button__link\">Vi\u0161e<\/div><\/a><\/div><\/div>\n<\/div><\/div>\n<\/div>\n<\/div><\/div>\n\n\n\n<div class=\"wp-block-uagb-container uagb-block-5b05212e alignfull uagb-is-root-container\"><div class=\"uagb-container-inner-blocks-wrap\">\n<div data-aos= \"fade-right\" data-aos-duration=\"400\" data-aos-delay=\"0\" data-aos-easing=\"ease\" data-aos-once=\"true\" class=\"wp-block-uagb-container uagb-block-6d89a5ed\">\n<div class=\"wp-block-uagb-info-box uagb-block-d8d21ca9 uagb-infobox__content-wrap  uagb-infobox-icon-above-title uagb-infobox-image-valign-top\"><div class=\"uagb-ifb-content\"><div class=\"uagb-ifb-title-wrap\"><h2 class=\"uagb-ifb-title\">\u0160ta Mi Radimo<\/h2><\/div><div class=\"uagb-ifb-separator\"><\/div><\/div><\/div>\n\n\n\n<div class=\"wp-block-uagb-container uagb-layout-grid uagb-block-c0c9c461\">\n<div class=\"wp-block-uagb-info-box uagb-block-891df4cc uagb-infobox__content-wrap  uagb-infobox-icon-above-title uagb-infobox-image-valign-top\"><div class=\"uagb-ifb-content\"><div class=\"uagb-ifb-title-wrap\"><h5 class=\"uagb-ifb-title-prefix\">01.<\/h5><h3 class=\"uagb-ifb-title\">\u2014 Podr\u0161ka<\/h3><\/div><p class=\"uagb-ifb-desc\">Pron\u0430lazimo, finansiramo i ja\u010damo uticajne inicijative u kulturi, obrazovanju i kreativnim industrijama.<\/p><\/div><\/div>\n\n\n\n<div class=\"wp-block-uagb-info-box uagb-block-217ae4ab uagb-infobox__content-wrap  uagb-infobox-icon-above-title uagb-infobox-image-valign-top\"><div class=\"uagb-ifb-content\"><div class=\"uagb-ifb-title-wrap\"><h5 class=\"uagb-ifb-title-prefix\">02.<\/h5><h3 class=\"uagb-ifb-title\">\u2014 Umre\u017eavanje<\/h3><\/div><p class=\"uagb-ifb-desc\">Gradimo mre\u017ee koje spajaju zajednice, stru\u010dnjake, donatore i partnere iz oblasti kulture, umetnosti, nauke i biznisa.<\/p><\/div><\/div>\n\n\n\n<div class=\"wp-block-uagb-info-box uagb-block-164fad8e uagb-infobox__content-wrap  uagb-infobox-icon-above-title uagb-infobox-image-valign-top\"><div class=\"uagb-ifb-content\"><div class=\"uagb-ifb-title-wrap\"><h5 class=\"uagb-ifb-title-prefix\">03.<\/h5><h3 class=\"uagb-ifb-title\">\u2014 Inspiracija<\/h3><\/div><p class=\"uagb-ifb-desc\">Promovi\u0161emo obrazovanje, kreativnost, kulturni identitet i inovativne ideje koje pokre\u0107u dru\u0161tvo napred.<\/p><\/div><\/div>\n<\/div>\n\n\n\n<div class=\"wp-block-uagb-buttons uagb-buttons__outer-wrap uagb-btn__default-btn uagb-btn-tablet__default-btn uagb-btn-mobile__default-btn uagb-block-51647be1\"><div class=\"uagb-buttons__wrap uagb-buttons-layout-wrap\">\n<div class=\"wp-block-uagb-buttons-child uagb-buttons__outer-wrap uagb-block-6427cbf2 wp-block-button is-style-outline\"><div class=\"uagb-button__wrapper\"><a class=\"uagb-buttons-repeater wp-block-button__link\" aria-label=\"\" href=\"https:\/\/pafond.rs\/sr\/who-we-are\/\" rel=\"follow noopener\" target=\"_self\" role=\"button\"><div class=\"uagb-button__link\">Vi\u0161e<\/div><\/a><\/div><\/div>\n<\/div><\/div>\n<\/div>\n<\/div><\/div>\n\n\n\n<hr class=\"wp-block-separator has-alpha-channel-opacity\"\/>\n\n\n\n<div class=\"wp-block-uagb-container uagb-block-c980b27f alignfull uagb-is-root-container\"><div class=\"uagb-container-inner-blocks-wrap\">\n<div class=\"wp-block-uagb-info-box uagb-block-d5ce13e9 uagb-infobox__content-wrap  uagb-infobox-icon-above-title uagb-infobox-image-valign-top\"><div class=\"uagb-ifb-content\"><div class=\"uagb-ifb-title-wrap\"><h2 class=\"uagb-ifb-title\">Partneri<\/h2><\/div><div class=\"uagb-ifb-separator\"><\/div><\/div><\/div>\n\n\n\t\t\t\t\t<div\n\t\t\t\t\t\tclass=\"wp-block-uagb-image-gallery uagb-block-e52c2535\"\n\t\t\t\t\t\tstyle=\"\"\n\t\t\t\t\t>\n\t\t\t\t\t\t\t\t\t\t\t<div class=\"spectra-image-gallery spectra-image-gallery__layout--carousel\">\n\t\t\t\t\t\t\t\t<div class=\"uagb-slick-carousel uagb-block-e52c2535\">\n\t\t\t\t\t\t\t\t\t\t\t\t<div class='spectra-image-gallery__media-wrapper' data-spectra-gallery-image-id='5602'>\n\t\t\t\t\t\t\t<div class=\"spectra-image-gallery__media spectra-image-gallery__media--carousel\">\n\t\t\t\t<picture>\n\t\t\t\t\t<source media=\"(min-width: 1024px)\" srcset=\"https:\/\/pafond.rs\/wp-content\/uploads\/2026\/01\/euromedik-logo1.png\">\n\t\t\t\t\t<source media=\"(min-width: 768px)\" srcset=\"https:\/\/pafond.rs\/wp-content\/uploads\/2026\/01\/euromedik-logo1.png\">\n\t\t\t\t\t<img decoding=\"async\" class=\"spectra-image-gallery__media-thumbnail spectra-image-gallery__media-thumbnail--carousel\" src=\"https:\/\/pafond.rs\/wp-content\/uploads\/2026\/01\/euromedik-logo1-300x70.png\" alt=\"euromedik logo1\" loading=\"lazy\" \/>\n\t\t\t\t<\/picture>\n\t\t\t\t<div class=\"spectra-image-gallery__media-thumbnail-blurrer\"><\/div>\n\t\t\t\t\t\t\t\t\t\t\t<div class=\"spectra-image-gallery__media-thumbnail-caption-wrapper spectra-image-gallery__media-thumbnail-caption-wrapper--overlay\"><\/div>\n\t\t\t\t\t\t\t\t<\/div>\n\t\t\t\t\t\t<\/div>\n\t\t\t\t\t\t<div class='spectra-image-gallery__media-wrapper' data-spectra-gallery-image-id='5458'>\n\t\t\t\t\t\t\t<div class=\"spectra-image-gallery__media spectra-image-gallery__media--carousel\">\n\t\t\t\t<picture>\n\t\t\t\t\t<source media=\"(min-width: 1024px)\" srcset=\"https:\/\/pafond.rs\/wp-content\/uploads\/2025\/11\/UPWARD-BOUND-youth-logo.png\">\n\t\t\t\t\t<source media=\"(min-width: 768px)\" srcset=\"https:\/\/pafond.rs\/wp-content\/uploads\/2025\/11\/UPWARD-BOUND-youth-logo.png\">\n\t\t\t\t\t<img decoding=\"async\" class=\"spectra-image-gallery__media-thumbnail spectra-image-gallery__media-thumbnail--carousel\" src=\"https:\/\/pafond.rs\/wp-content\/uploads\/2025\/11\/UPWARD-BOUND-youth-logo-300x76.png\" alt=\"upward bound youth logo\" loading=\"lazy\" \/>\n\t\t\t\t<\/picture>\n\t\t\t\t<div class=\"spectra-image-gallery__media-thumbnail-blurrer\"><\/div>\n\t\t\t\t\t\t\t\t\t\t\t<div class=\"spectra-image-gallery__media-thumbnail-caption-wrapper spectra-image-gallery__media-thumbnail-caption-wrapper--overlay\"><\/div>\n\t\t\t\t\t\t\t\t<\/div>\n\t\t\t\t\t\t<\/div>\n\t\t\t\t\t\t<div class='spectra-image-gallery__media-wrapper' data-spectra-gallery-image-id='5457'>\n\t\t\t\t\t\t\t<div class=\"spectra-image-gallery__media spectra-image-gallery__media--carousel\">\n\t\t\t\t<picture>\n\t\t\t\t\t<source media=\"(min-width: 1024px)\" srcset=\"https:\/\/pafond.rs\/wp-content\/uploads\/2025\/11\/LINKGROUP-logo.png\">\n\t\t\t\t\t<source media=\"(min-width: 768px)\" srcset=\"https:\/\/pafond.rs\/wp-content\/uploads\/2025\/11\/LINKGROUP-logo.png\">\n\t\t\t\t\t<img decoding=\"async\" class=\"spectra-image-gallery__media-thumbnail spectra-image-gallery__media-thumbnail--carousel\" src=\"https:\/\/pafond.rs\/wp-content\/uploads\/2025\/11\/LINKGROUP-logo.png\" alt=\"linkgroup logo\" loading=\"lazy\" \/>\n\t\t\t\t<\/picture>\n\t\t\t\t<div class=\"spectra-image-gallery__media-thumbnail-blurrer\"><\/div>\n\t\t\t\t\t\t\t\t\t\t\t<div class=\"spectra-image-gallery__media-thumbnail-caption-wrapper spectra-image-gallery__media-thumbnail-caption-wrapper--overlay\"><\/div>\n\t\t\t\t\t\t\t\t<\/div>\n\t\t\t\t\t\t<\/div>\n\t\t\t\t\t\t<div class='spectra-image-gallery__media-wrapper' data-spectra-gallery-image-id='5459'>\n\t\t\t\t\t\t\t<div class=\"spectra-image-gallery__media spectra-image-gallery__media--carousel\">\n\t\t\t\t<picture>\n\t\t\t\t\t<source media=\"(min-width: 1024px)\" srcset=\"https:\/\/pafond.rs\/wp-content\/uploads\/2025\/11\/IT-Academy-logo-1.png\">\n\t\t\t\t\t<source media=\"(min-width: 768px)\" srcset=\"https:\/\/pafond.rs\/wp-content\/uploads\/2025\/11\/IT-Academy-logo-1.png\">\n\t\t\t\t\t<img decoding=\"async\" class=\"spectra-image-gallery__media-thumbnail spectra-image-gallery__media-thumbnail--carousel\" src=\"https:\/\/pafond.rs\/wp-content\/uploads\/2025\/11\/IT-Academy-logo-1.png\" alt=\"it academy logo\" loading=\"lazy\" \/>\n\t\t\t\t<\/picture>\n\t\t\t\t<div class=\"spectra-image-gallery__media-thumbnail-blurrer\"><\/div>\n\t\t\t\t\t\t\t\t\t\t\t<div class=\"spectra-image-gallery__media-thumbnail-caption-wrapper spectra-image-gallery__media-thumbnail-caption-wrapper--overlay\"><\/div>\n\t\t\t\t\t\t\t\t<\/div>\n\t\t\t\t\t\t<\/div>\n\t\t\t\t\t\t\t\t\t\t\t<\/div>\n\t\t\t\t\t\t\t<\/div>\n\t\t\t\t\t\t\t\t\t\t\t<\/div>\n\t\t\t\t\t\t\t\t\t<\/div><\/div>\n\n\n\n<div class=\"wp-block-uagb-container uagb-block-34182bac alignfull uagb-is-root-container\"><div class=\"uagb-container-inner-blocks-wrap\">\n<div class=\"wp-block-uagb-info-box uagb-block-54acbf64 uagb-infobox__content-wrap  uagb-infobox-icon-above-title uagb-infobox-image-valign-top\"><div class=\"uagb-ifb-content\"><div class=\"uagb-ifb-title-wrap\"><h2 class=\"uagb-ifb-title-prefix\">Doniraj<\/h2><div class=\"uagb-ifb-separator\"><\/div><h3 class=\"uagb-ifb-title\">Zajedno Stvaramo Prilike<\/h3><\/div><p class=\"uagb-ifb-desc\"><br><\/p><div class=\"uagb-ifb-button-wrapper wp-block-button\"><a href=\"https:\/\/pafond.rs\/sr\/donate\/\" class=\"uagb-infobox-cta-link wp-block-button__link\" target=\"_self\" rel=\"noopener noreferrer\" onclick=\"return true;\"><span class=\"uagb-inline-editing\">DONIRAJ<\/span><svg xmlns=\"https:\/\/www.w3.org\/2000\/svg\" viewbox=\"0 0 384 512\"><path d=\"M111.4 295.9c-3.5 19.2-17.4 108.7-21.5 134-.3 1.8-1 2.5-3 2.5H12.3c-7.6 0-13.1-6.6-12.1-13.9L58.8 46.6c1.5-9.6 10.1-16.9 20-16.9 152.3 0 165.1-3.7 204 11.4 60.1 23.3 65.6 79.5 44 140.3-21.5 62.6-72.5 89.5-140.1 90.3-43.4 .7-69.5-7-75.3 24.2zM357.1 152c-1.8-1.3-2.5-1.8-3 1.3-2 11.4-5.1 22.5-8.8 33.6-39.9 113.8-150.5 103.9-204.5 103.9-6.1 0-10.1 3.3-10.9 9.4-22.6 140.4-27.1 169.7-27.1 169.7-1 7.1 3.5 12.9 10.6 12.9h63.5c8.6 0 15.7-6.3 17.4-14.9 .7-5.4-1.1 6.1 14.4-91.3 4.6-22 14.3-19.7 29.3-19.7 71 0 126.4-28.8 142.9-112.3 6.5-34.8 4.6-71.4-23.8-92.6z\"><\/path><\/svg><\/a><\/div><\/div><\/div>\n<\/div><\/div>\n\n\n\n<p><\/p>","protected":false},"excerpt":{"rendered":"","protected":false},"author":1,"featured_media":5687,"parent":0,"menu_order":0,"comment_status":"closed","ping_status":"closed","template":"","meta":{"give_campaign_id":0,"pagelayer_contact_templates":[],"_pagelayer_content":"","_uag_custom_page_level_css":"","site-sidebar-layout":"no-sidebar","site-content-layout":"page-builder","ast-site-content-layout":"full-width-container","site-content-style":"unboxed","site-sidebar-style":"unboxed","ast-global-header-display":"","ast-banner-title-visibility":"","ast-main-header-display":"","ast-hfb-above-header-display":"","ast-hfb-below-header-display":"","ast-hfb-mobile-header-display":"","site-post-title":"disabled","ast-breadcrumbs-content":"","ast-featured-img":"disabled","footer-sml-layout":"","ast-disable-related-posts":"","theme-transparent-header-meta":"","adv-header-id-meta":"","stick-header-meta":"","header-above-stick-meta":"","header-main-stick-meta":"","header-below-stick-meta":"","astra-migrate-meta-layouts":"set","ast-page-background-enabled":"default","ast-page-background-meta":{"desktop":{"background-color":"","background-image":"","background-repeat":"repeat","background-position":"center center","background-size":"auto","background-attachment":"scroll","background-type":"","background-media":"","overlay-type":"","overlay-color":"","overlay-opacity":"","overlay-gradient":""},"tablet":{"background-color":"","background-image":"","background-repeat":"repeat","background-position":"center center","background-size":"auto","background-attachment":"scroll","background-type":"","background-media":"","overlay-type":"","overlay-color":"","overlay-opacity":"","overlay-gradient":""},"mobile":{"background-color":"","background-image":"","background-repeat":"repeat","background-position":"center center","background-size":"auto","background-attachment":"scroll","background-type":"","background-media":"","overlay-type":"","overlay-color":"","overlay-opacity":"","overlay-gradient":""}},"ast-content-background-meta":{"desktop":{"background-color":"var(--ast-global-color-5)","background-image":"","background-repeat":"repeat","background-position":"center center","background-size":"auto","background-attachment":"scroll","background-type":"","background-media":"","overlay-type":"","overlay-color":"","overlay-opacity":"","overlay-gradient":""},"tablet":{"background-color":"var(--ast-global-color-5)","background-image":"","background-repeat":"repeat","background-position":"center center","background-size":"auto","background-attachment":"scroll","background-type":"","background-media":"","overlay-type":"","overlay-color":"","overlay-opacity":"","overlay-gradient":""},"mobile":{"background-color":"var(--ast-global-color-5)","background-image":"","background-repeat":"repeat","background-position":"center center","background-size":"auto","background-attachment":"scroll","background-type":"","background-media":"","overlay-type":"","overlay-color":"","overlay-opacity":"","overlay-gradient":""}},"footnotes":""},"class_list":["post-2114","page","type-page","status-publish","has-post-thumbnail","hentry"],"yoast_head":"<!-- This site is optimized with the Yoast SEO plugin v27.4 - https:\/\/yoast.com\/product\/yoast-seo-wordpress\/ -->\n<title>Crown Prince Alexander Foundation \u2013 Culture &amp; Education<\/title>\n<meta name=\"description\" content=\"The Foundation supports education, culture, creativity and innovation through programs, partnerships and philanthropic initiatives.\" \/>\n<meta name=\"robots\" content=\"index, follow, max-snippet:-1, max-image-preview:large, max-video-preview:-1\" \/>\n<link rel=\"canonical\" href=\"https:\/\/pafond.rs\/sr\/\" \/>\n<meta property=\"og:locale\" content=\"sr_RS\" \/>\n<meta property=\"og:type\" content=\"article\" \/>\n<meta property=\"og:title\" content=\"Home\" \/>\n<meta property=\"og:description\" content=\"The Crown Prince Alexander\u2019s Foundation for Culture and EducationEmpowering Culture, Education &amp; Creative Excellence About Us Our mission is to\" \/>\n<meta property=\"og:url\" content=\"https:\/\/pafond.rs\/sr\/\" \/>\n<meta property=\"og:site_name\" content=\"Crown Prince Alexander Foundation\" \/>\n<meta property=\"article:publisher\" content=\"https:\/\/www.facebook.com\/Prestolonaslednik.Aleksandar\" \/>\n<meta property=\"article:modified_time\" content=\"2026-02-02T08:34:26+00:00\" \/>\n<meta property=\"og:image\" content=\"https:\/\/pafond.rs\/wp-content\/uploads\/2025\/11\/Asset-1-1.png\" \/>\n\t<meta property=\"og:image:width\" content=\"1294\" \/>\n\t<meta property=\"og:image:height\" content=\"1062\" \/>\n\t<meta property=\"og:image:type\" content=\"image\/png\" \/>\n<meta name=\"twitter:card\" content=\"summary_large_image\" \/>\n<meta name=\"twitter:label1\" content=\"\u041f\u0440\u043e\u0446\u0435\u045a\u0435\u043d\u043e \u0432\u0440\u0435\u043c\u0435 \u0447\u0438\u0442\u0430\u045a\u0430\" \/>\n\t<meta name=\"twitter:data1\" content=\"1 \u043c\u0438\u043d\u0443\u0442\" \/>\n<script type=\"application\/ld+json\" class=\"yoast-schema-graph\">{\"@context\":\"https:\\\/\\\/schema.org\",\"@graph\":[{\"@type\":\"WebPage\",\"@id\":\"https:\\\/\\\/pafond.rs\\\/\",\"url\":\"https:\\\/\\\/pafond.rs\\\/\",\"name\":\"Crown Prince Alexander Foundation \u2013 Culture & Education\",\"isPartOf\":{\"@id\":\"https:\\\/\\\/pafond.rs\\\/#website\"},\"primaryImageOfPage\":{\"@id\":\"https:\\\/\\\/pafond.rs\\\/#primaryimage\"},\"image\":{\"@id\":\"https:\\\/\\\/pafond.rs\\\/#primaryimage\"},\"thumbnailUrl\":\"https:\\\/\\\/pafond.rs\\\/wp-content\\\/uploads\\\/2026\\\/01\\\/site1-scaled.jpg\",\"datePublished\":\"2025-11-19T13:43:00+00:00\",\"dateModified\":\"2026-02-02T08:34:26+00:00\",\"description\":\"The Foundation supports education, culture, creativity and innovation through programs, partnerships and philanthropic initiatives.\",\"breadcrumb\":{\"@id\":\"https:\\\/\\\/pafond.rs\\\/#breadcrumb\"},\"inLanguage\":\"sr-RS\",\"potentialAction\":[{\"@type\":\"ReadAction\",\"target\":[\"https:\\\/\\\/pafond.rs\\\/\"]}]},{\"@type\":\"ImageObject\",\"inLanguage\":\"sr-RS\",\"@id\":\"https:\\\/\\\/pafond.rs\\\/#primaryimage\",\"url\":\"https:\\\/\\\/pafond.rs\\\/wp-content\\\/uploads\\\/2026\\\/01\\\/site1-scaled.jpg\",\"contentUrl\":\"https:\\\/\\\/pafond.rs\\\/wp-content\\\/uploads\\\/2026\\\/01\\\/site1-scaled.jpg\",\"width\":2560,\"height\":1260,\"caption\":\"Crown Prince Alexander\u2019s Foundation for Culture and Education\"},{\"@type\":\"BreadcrumbList\",\"@id\":\"https:\\\/\\\/pafond.rs\\\/#breadcrumb\",\"itemListElement\":[{\"@type\":\"ListItem\",\"position\":1,\"name\":\"Home\",\"item\":\"https:\\\/\\\/pafond.rs\\\/\"},{\"@type\":\"ListItem\",\"position\":2,\"name\":\"Home\"}]},{\"@type\":\"WebSite\",\"@id\":\"https:\\\/\\\/pafond.rs\\\/#website\",\"url\":\"https:\\\/\\\/pafond.rs\\\/\",\"name\":\"Crown Prince Alexander Foundation\",\"description\":\"Empowering education, creativity, culture, and innovation to support a thriving and progressive society.\",\"publisher\":{\"@id\":\"https:\\\/\\\/pafond.rs\\\/#organization\"},\"potentialAction\":[{\"@type\":\"SearchAction\",\"target\":{\"@type\":\"EntryPoint\",\"urlTemplate\":\"https:\\\/\\\/pafond.rs\\\/?s={search_term_string}\"},\"query-input\":{\"@type\":\"PropertyValueSpecification\",\"valueRequired\":true,\"valueName\":\"search_term_string\"}}],\"inLanguage\":\"sr-RS\"},{\"@type\":\"Organization\",\"@id\":\"https:\\\/\\\/pafond.rs\\\/#organization\",\"name\":\"Crown Prince Alexander Foundation\",\"url\":\"https:\\\/\\\/pafond.rs\\\/\",\"logo\":{\"@type\":\"ImageObject\",\"inLanguage\":\"sr-RS\",\"@id\":\"https:\\\/\\\/pafond.rs\\\/#\\\/schema\\\/logo\\\/image\\\/\",\"url\":\"https:\\\/\\\/pafond.rs\\\/wp-content\\\/uploads\\\/2025\\\/11\\\/Asset-1.png\",\"contentUrl\":\"https:\\\/\\\/pafond.rs\\\/wp-content\\\/uploads\\\/2025\\\/11\\\/Asset-1.png\",\"width\":1294,\"height\":1062,\"caption\":\"Crown Prince Alexander Foundation\"},\"image\":{\"@id\":\"https:\\\/\\\/pafond.rs\\\/#\\\/schema\\\/logo\\\/image\\\/\"},\"sameAs\":[\"https:\\\/\\\/www.facebook.com\\\/Prestolonaslednik.Aleksandar\"]}]}<\/script>\n<!-- \/ Yoast SEO plugin. -->","yoast_head_json":{"title":"Crown Prince Alexander Foundation \u2013 Culture & Education","description":"The Foundation supports education, culture, creativity and innovation through programs, partnerships and philanthropic initiatives.","robots":{"index":"index","follow":"follow","max-snippet":"max-snippet:-1","max-image-preview":"max-image-preview:large","max-video-preview":"max-video-preview:-1"},"canonical":"https:\/\/pafond.rs\/sr\/","og_locale":"sr_RS","og_type":"article","og_title":"Home","og_description":"The Crown Prince Alexander\u2019s Foundation for Culture and EducationEmpowering Culture, Education &amp; Creative Excellence About Us Our mission is to","og_url":"https:\/\/pafond.rs\/sr\/","og_site_name":"Crown Prince Alexander Foundation","article_publisher":"https:\/\/www.facebook.com\/Prestolonaslednik.Aleksandar","article_modified_time":"2026-02-02T08:34:26+00:00","og_image":[{"width":1294,"height":1062,"url":"https:\/\/pafond.rs\/wp-content\/uploads\/2025\/11\/Asset-1-1.png","type":"image\/png"}],"twitter_card":"summary_large_image","twitter_misc":{"\u041f\u0440\u043e\u0446\u0435\u045a\u0435\u043d\u043e \u0432\u0440\u0435\u043c\u0435 \u0447\u0438\u0442\u0430\u045a\u0430":"1 \u043c\u0438\u043d\u0443\u0442"},"schema":{"@context":"https:\/\/schema.org","@graph":[{"@type":"WebPage","@id":"https:\/\/pafond.rs\/","url":"https:\/\/pafond.rs\/","name":"Crown Prince Alexander Foundation \u2013 Culture & Education","isPartOf":{"@id":"https:\/\/pafond.rs\/#website"},"primaryImageOfPage":{"@id":"https:\/\/pafond.rs\/#primaryimage"},"image":{"@id":"https:\/\/pafond.rs\/#primaryimage"},"thumbnailUrl":"https:\/\/pafond.rs\/wp-content\/uploads\/2026\/01\/site1-scaled.jpg","datePublished":"2025-11-19T13:43:00+00:00","dateModified":"2026-02-02T08:34:26+00:00","description":"The Foundation supports education, culture, creativity and innovation through programs, partnerships and philanthropic initiatives.","breadcrumb":{"@id":"https:\/\/pafond.rs\/#breadcrumb"},"inLanguage":"sr-RS","potentialAction":[{"@type":"ReadAction","target":["https:\/\/pafond.rs\/"]}]},{"@type":"ImageObject","inLanguage":"sr-RS","@id":"https:\/\/pafond.rs\/#primaryimage","url":"https:\/\/pafond.rs\/wp-content\/uploads\/2026\/01\/site1-scaled.jpg","contentUrl":"https:\/\/pafond.rs\/wp-content\/uploads\/2026\/01\/site1-scaled.jpg","width":2560,"height":1260,"caption":"Crown Prince Alexander\u2019s Foundation for Culture and Education"},{"@type":"BreadcrumbList","@id":"https:\/\/pafond.rs\/#breadcrumb","itemListElement":[{"@type":"ListItem","position":1,"name":"Home","item":"https:\/\/pafond.rs\/"},{"@type":"ListItem","position":2,"name":"Home"}]},{"@type":"WebSite","@id":"https:\/\/pafond.rs\/#website","url":"https:\/\/pafond.rs\/","name":"Crown Prince Alexander Foundation","description":"Empowering education, creativity, culture, and innovation to support a thriving and progressive society.","publisher":{"@id":"https:\/\/pafond.rs\/#organization"},"potentialAction":[{"@type":"SearchAction","target":{"@type":"EntryPoint","urlTemplate":"https:\/\/pafond.rs\/?s={search_term_string}"},"query-input":{"@type":"PropertyValueSpecification","valueRequired":true,"valueName":"search_term_string"}}],"inLanguage":"sr-RS"},{"@type":"Organization","@id":"https:\/\/pafond.rs\/#organization","name":"Crown Prince Alexander Foundation","url":"https:\/\/pafond.rs\/","logo":{"@type":"ImageObject","inLanguage":"sr-RS","@id":"https:\/\/pafond.rs\/#\/schema\/logo\/image\/","url":"https:\/\/pafond.rs\/wp-content\/uploads\/2025\/11\/Asset-1.png","contentUrl":"https:\/\/pafond.rs\/wp-content\/uploads\/2025\/11\/Asset-1.png","width":1294,"height":1062,"caption":"Crown Prince Alexander Foundation"},"image":{"@id":"https:\/\/pafond.rs\/#\/schema\/logo\/image\/"},"sameAs":["https:\/\/www.facebook.com\/Prestolonaslednik.Aleksandar"]}]}},"campaignId":"","uagb_featured_image_src":{"full":["https:\/\/pafond.rs\/wp-content\/uploads\/2026\/01\/site1-scaled.jpg",2560,1260,false],"thumbnail":["https:\/\/pafond.rs\/wp-content\/uploads\/2026\/01\/site1-150x150.jpg",150,150,true],"medium":["https:\/\/pafond.rs\/wp-content\/uploads\/2026\/01\/site1-300x148.jpg",300,148,true],"medium_large":["https:\/\/pafond.rs\/wp-content\/uploads\/2026\/01\/site1-768x378.jpg",768,378,true],"large":["https:\/\/pafond.rs\/wp-content\/uploads\/2026\/01\/site1-1024x504.jpg",1024,504,true],"1536x1536":["https:\/\/pafond.rs\/wp-content\/uploads\/2026\/01\/site1-1536x756.jpg",1536,756,true],"2048x2048":["https:\/\/pafond.rs\/wp-content\/uploads\/2026\/01\/site1-2048x1008.jpg",2048,1008,true],"trp-custom-language-flag":["https:\/\/pafond.rs\/wp-content\/uploads\/2026\/01\/site1-18x9.jpg",18,9,true]},"uagb_author_info":{"display_name":"stefan","author_link":"https:\/\/pafond.rs\/sr\/author\/stefan\/"},"uagb_comment_info":0,"uagb_excerpt":null,"_links":{"self":[{"href":"https:\/\/pafond.rs\/sr\/wp-json\/wp\/v2\/pages\/2114","targetHints":{"allow":["GET"]}}],"collection":[{"href":"https:\/\/pafond.rs\/sr\/wp-json\/wp\/v2\/pages"}],"about":[{"href":"https:\/\/pafond.rs\/sr\/wp-json\/wp\/v2\/types\/page"}],"author":[{"embeddable":true,"href":"https:\/\/pafond.rs\/sr\/wp-json\/wp\/v2\/users\/1"}],"replies":[{"embeddable":true,"href":"https:\/\/pafond.rs\/sr\/wp-json\/wp\/v2\/comments?post=2114"}],"version-history":[{"count":99,"href":"https:\/\/pafond.rs\/sr\/wp-json\/wp\/v2\/pages\/2114\/revisions"}],"predecessor-version":[{"id":5715,"href":"https:\/\/pafond.rs\/sr\/wp-json\/wp\/v2\/pages\/2114\/revisions\/5715"}],"wp:featuredmedia":[{"embeddable":true,"href":"https:\/\/pafond.rs\/sr\/wp-json\/wp\/v2\/media\/5687"}],"wp:attachment":[{"href":"https:\/\/pafond.rs\/sr\/wp-json\/wp\/v2\/media?parent=2114"}],"curies":[{"name":"wp","href":"https:\/\/api.w.org\/{rel}","templated":true}]}}