{"id":2121,"date":"2025-11-19T13:43:01","date_gmt":"2025-11-19T13:43:01","guid":{"rendered":"https:\/\/pafond.rs\/our-partners\/"},"modified":"2026-01-29T09:12:51","modified_gmt":"2026-01-29T09:12:51","slug":"our-partners","status":"publish","type":"page","link":"https:\/\/pafond.rs\/sr\/our-partners\/","title":{"rendered":"Partneri"},"content":{"rendered":"<div class=\"wp-block-uagb-container uagb-block-e56714d1 alignfull uagb-is-root-container\"><div class=\"uagb-container-inner-blocks-wrap\">\n<div class=\"wp-block-uagb-info-box uagb-block-d4034274 uagb-infobox__content-wrap  uagb-infobox-icon-above-title uagb-infobox-image-valign-top\"><div class=\"uagb-ifb-content\"><div class=\"uagb-ifb-title-wrap\"><div class=\"uagb-ifb-separator\"><\/div><h1 class=\"uagb-ifb-title\">Partneri u Oblasti Obrazovanja i Kulture<\/h1><\/div><\/div><\/div>\n<\/div><\/div>\n\n\n\n<div class=\"wp-block-uagb-container uagb-block-af3c83cc alignfull uagb-is-root-container\"><div class=\"uagb-container-inner-blocks-wrap\">\n<div class=\"wp-block-uagb-container uagb-block-fff4b2ee\">\n<div class=\"wp-block-uagb-info-box uagb-block-ba7d7ae3 uagb-infobox__content-wrap  uagb-infobox-icon-above-title uagb-infobox-image-valign-top\"><div class=\"uagb-ifb-content\"><div class=\"uagb-ifb-title-wrap\"><h2 class=\"uagb-ifb-title\">Partneri<\/h2><\/div><div class=\"uagb-ifb-separator\"><\/div><\/div><\/div>\n\n\n\n<div class=\"wp-block-uagb-container uagb-block-787674e4\">\n<div class=\"wp-block-uagb-container uagb-block-c30c34fe\">\n<div class=\"wp-block-uagb-image aligncenter uagb-block-9280c207 wp-block-uagb-image--layout-default wp-block-uagb-image--effect-static wp-block-uagb-image--align-center\"><figure class=\"wp-block-uagb-image__figure\"><a class=\"\" href=\"https:\/\/euromedic.rs\/\" target=\"\" rel=\"noopener\"><img decoding=\"async\" srcset=\"https:\/\/pafond.rs\/wp-content\/uploads\/2026\/01\/euromedik-logo1.png ,https:\/\/pafond.rs\/wp-content\/uploads\/2026\/01\/euromedik-logo1.png 780w, https:\/\/pafond.rs\/wp-content\/uploads\/2026\/01\/euromedik-logo1.png 360w\" sizes=\"auto, (max-width: 480px) 150px\" src=\"https:\/\/pafond.rs\/wp-content\/uploads\/2026\/01\/euromedik-logo1.png\" alt=\"Euromedik \" class=\"uag-image-5602\" width=\"186\" height=\"70\" title=\"Euromedik \" loading=\"lazy\" role=\"img\"\/><\/a><\/figure><\/div>\n<\/div>\n\n\n\n<div class=\"wp-block-uagb-container uagb-block-ea5e13a5\">\n<div class=\"wp-block-uagb-info-box uagb-block-f9ce317e uagb-infobox__content-wrap  uagb-infobox-icon-above-title uagb-infobox-image-valign-top\"><div class=\"uagb-ifb-content\"><div class=\"uagb-ifb-title-wrap\"><h5 class=\"uagb-ifb-title-prefix\">Srbija | Beograd<\/h5><h3 class=\"uagb-ifb-title\">\u2014 Pouzdan Zdravstveni Partner<\/h3><\/div><p class=\"uagb-ifb-desc translation-block\">Kao na\u0161 pouzdan partner, Euromedik doprinosi obrazovnim i dru\u0161tveno odgovornim projektima kroz zdravstvenu podr\u0161ku i stru\u010dnu saradnju.<\/p><\/div><\/div>\n<\/div>\n<\/div>\n\n\n\n<div class=\"wp-block-uagb-container uagb-layout-flex uagb-block-657b1693\">\n<div class=\"wp-block-uagb-container uagb-block-6c3aed65\">\n<div class=\"wp-block-uagb-image aligncenter uagb-block-e5b9ae26 wp-block-uagb-image--layout-default wp-block-uagb-image--effect-static wp-block-uagb-image--align-center\"><figure class=\"wp-block-uagb-image__figure\"><a class=\"\" href=\"https:\/\/www.upwardboundyouth.org\/\" target=\"\" rel=\"noopener\"><img decoding=\"async\" srcset=\"https:\/\/pafond.rs\/wp-content\/uploads\/2025\/11\/UPWARD-BOUND-youth-logo.png ,https:\/\/pafond.rs\/wp-content\/uploads\/2025\/11\/UPWARD-BOUND-youth-logo.png 780w, https:\/\/pafond.rs\/wp-content\/uploads\/2025\/11\/UPWARD-BOUND-youth-logo.png 360w\" sizes=\"auto, (max-width: 480px) 150px\" src=\"https:\/\/pafond.rs\/wp-content\/uploads\/2025\/11\/UPWARD-BOUND-youth-logo.png\" alt=\"Upward Bound Youth\" class=\"uag-image-5458\" width=\"363\" height=\"94\" title=\"Upward Bound Youth\" loading=\"lazy\" role=\"img\"\/><\/a><\/figure><\/div>\n<\/div>\n\n\n\n<div class=\"wp-block-uagb-container uagb-block-c10d28d5\">\n<div class=\"wp-block-uagb-info-box uagb-block-b5554678 uagb-infobox__content-wrap  uagb-infobox-icon-above-title uagb-infobox-image-valign-top\"><div class=\"uagb-ifb-content\"><div class=\"uagb-ifb-title-wrap\"><h5 class=\"uagb-ifb-title-prefix\">SAD | Smitvil<\/h5><h3 class=\"uagb-ifb-title\">\u2014 Fondacija posve\u0107ena deci<\/h3><\/div><p class=\"uagb-ifb-desc\">Upward Bound je neprofitna organizacija \u010dija je vizija da pou\u010dava istini Svetog pisma u skladu sa na\u0161im iskreno prihva\u0107enim verskim uverenjima, sa ciljem da osna\u017ei mlade i njihove porodice u duhovnom, fizi\u010dkom, emocionalnom i obrazovnom razvoju.<\/p><\/div><\/div>\n<\/div>\n<\/div>\n\n\n\n<div class=\"wp-block-uagb-container uagb-block-1de8b889\">\n<div class=\"wp-block-uagb-container uagb-block-2e217f78\">\n<figure class=\"wp-block-image size-full\"><a href=\"https:\/\/www.link-group.eu\/serbia\"><img loading=\"lazy\" decoding=\"async\" width=\"210\" height=\"66\" src=\"https:\/\/pafond.rs\/wp-content\/uploads\/2025\/11\/LINKGROUP-logo.png\" alt=\"LINK group\" class=\"wp-image-5457\"\/><\/a><\/figure>\n<\/div>\n\n\n\n<div class=\"wp-block-uagb-container uagb-block-ccf3173e\">\n<div class=\"wp-block-uagb-info-box uagb-block-738d7608 uagb-infobox__content-wrap  uagb-infobox-icon-above-title uagb-infobox-image-valign-top\"><div class=\"uagb-ifb-content\"><div class=\"uagb-ifb-title-wrap\"><h5 class=\"uagb-ifb-title-prefix\">Srbija | Beograd<\/h5><h3 class=\"uagb-ifb-title\">\u2014 Partner u U\u010denju i Razvoju<\/h3><\/div><p class=\"uagb-ifb-desc\">Kao dugoro\u010dni partner, podr\u017eavaju na\u0161u misiju kroz stipendije i savremene obrazovne inicijative koje ja\u010daju razvoj u\u010denika.<\/p><\/div><\/div>\n<\/div>\n<\/div>\n\n\n\n<div class=\"wp-block-uagb-container uagb-block-c629a803\">\n<div class=\"wp-block-uagb-container uagb-block-380784e4\">\n<div class=\"wp-block-uagb-image aligncenter uagb-block-56f3461d wp-block-uagb-image--layout-default wp-block-uagb-image--effect-static wp-block-uagb-image--align-center\"><figure class=\"wp-block-uagb-image__figure\"><a class=\"\" href=\"https:\/\/www.it-akademija.com\/\" target=\"\" rel=\"noopener\"><img decoding=\"async\" srcset=\"https:\/\/pafond.rs\/wp-content\/uploads\/2025\/11\/IT-Academy-logo.png ,https:\/\/pafond.rs\/wp-content\/uploads\/2025\/11\/IT-Academy-logo.png 780w, https:\/\/pafond.rs\/wp-content\/uploads\/2025\/11\/IT-Academy-logo.png 360w\" sizes=\"auto, (max-width: 480px) 150px\" src=\"https:\/\/pafond.rs\/wp-content\/uploads\/2025\/11\/IT-Academy-logo.png\" alt=\"IT Academy\" class=\"uag-image-5456\" width=\"120\" height=\"30\" title=\"IT Academy\" loading=\"lazy\" role=\"img\"\/><\/a><\/figure><\/div>\n<\/div>\n\n\n\n<div class=\"wp-block-uagb-container uagb-block-4055544f\">\n<div class=\"wp-block-uagb-info-box uagb-block-a659f038 uagb-infobox__content-wrap  uagb-infobox-icon-above-title uagb-infobox-image-valign-top\"><div class=\"uagb-ifb-content\"><div class=\"uagb-ifb-title-wrap\"><h5 class=\"uagb-ifb-title-prefix\">Srbija | Beograd<\/h5><h3 class=\"uagb-ifb-title\">\u2014 Partner u oblasti digitalnog obrazovanja<\/h3><\/div><p class=\"uagb-ifb-desc\">Kao posve\u0107eni obrazovni partner, podr\u017eavaju na\u0161u misiju obezbe\u0111ivanjem specijalizovanih mogu\u0107nosti za obuku i unapre\u0111enjem razvoja digitalnih ve\u0161tina.<\/p><\/div><\/div>\n<\/div>\n<\/div>\n\n\n<\/div>\n<\/div><\/div>\n\n\n\n<div class=\"wp-block-uagb-container uagb-block-34182bac alignfull uagb-is-root-container\"><div class=\"uagb-container-inner-blocks-wrap\">\n<div class=\"wp-block-uagb-info-box uagb-block-54acbf64 uagb-infobox__content-wrap  uagb-infobox-icon-above-title uagb-infobox-image-valign-top\"><div class=\"uagb-ifb-content\"><div class=\"uagb-ifb-title-wrap\"><h2 class=\"uagb-ifb-title-prefix\">Doniraj<\/h2><div class=\"uagb-ifb-separator\"><\/div><h3 class=\"uagb-ifb-title\">Zajedno Stvaramo Prilike<\/h3><\/div><p class=\"uagb-ifb-desc\"><br><\/p><div class=\"uagb-ifb-button-wrapper wp-block-button\"><a href=\"https:\/\/pafond.rs\/sr\/donate\/\" class=\"uagb-infobox-cta-link wp-block-button__link\" target=\"_self\" rel=\"noopener noreferrer\" onclick=\"return true;\"><span class=\"uagb-inline-editing\">DONIRAJ<\/span><svg xmlns=\"https:\/\/www.w3.org\/2000\/svg\" viewbox=\"0 0 384 512\"><path d=\"M111.4 295.9c-3.5 19.2-17.4 108.7-21.5 134-.3 1.8-1 2.5-3 2.5H12.3c-7.6 0-13.1-6.6-12.1-13.9L58.8 46.6c1.5-9.6 10.1-16.9 20-16.9 152.3 0 165.1-3.7 204 11.4 60.1 23.3 65.6 79.5 44 140.3-21.5 62.6-72.5 89.5-140.1 90.3-43.4 .7-69.5-7-75.3 24.2zM357.1 152c-1.8-1.3-2.5-1.8-3 1.3-2 11.4-5.1 22.5-8.8 33.6-39.9 113.8-150.5 103.9-204.5 103.9-6.1 0-10.1 3.3-10.9 9.4-22.6 140.4-27.1 169.7-27.1 169.7-1 7.1 3.5 12.9 10.6 12.9h63.5c8.6 0 15.7-6.3 17.4-14.9 .7-5.4-1.1 6.1 14.4-91.3 4.6-22 14.3-19.7 29.3-19.7 71 0 126.4-28.8 142.9-112.3 6.5-34.8 4.6-71.4-23.8-92.6z\"><\/path><\/svg><\/a><\/div><\/div><\/div>\n<\/div><\/div>","protected":false},"excerpt":{"rendered":"","protected":false},"author":1,"featured_media":1051,"parent":0,"menu_order":0,"comment_status":"closed","ping_status":"closed","template":"","meta":{"give_campaign_id":0,"pagelayer_contact_templates":[],"_pagelayer_content":"","_uag_custom_page_level_css":"","site-sidebar-layout":"no-sidebar","site-content-layout":"page-builder","ast-site-content-layout":"full-width-container","site-content-style":"unboxed","site-sidebar-style":"unboxed","ast-global-header-display":"","ast-banner-title-visibility":"","ast-main-header-display":"","ast-hfb-above-header-display":"","ast-hfb-below-header-display":"","ast-hfb-mobile-header-display":"","site-post-title":"disabled","ast-breadcrumbs-content":"","ast-featured-img":"disabled","footer-sml-layout":"","ast-disable-related-posts":"","theme-transparent-header-meta":"","adv-header-id-meta":"","stick-header-meta":"","header-above-stick-meta":"","header-main-stick-meta":"","header-below-stick-meta":"","astra-migrate-meta-layouts":"set","ast-page-background-enabled":"default","ast-page-background-meta":{"desktop":{"background-color":"","background-image":"","background-repeat":"repeat","background-position":"center center","background-size":"auto","background-attachment":"scroll","background-type":"","background-media":"","overlay-type":"","overlay-color":"","overlay-opacity":"","overlay-gradient":""},"tablet":{"background-color":"","background-image":"","background-repeat":"repeat","background-position":"center center","background-size":"auto","background-attachment":"scroll","background-type":"","background-media":"","overlay-type":"","overlay-color":"","overlay-opacity":"","overlay-gradient":""},"mobile":{"background-color":"","background-image":"","background-repeat":"repeat","background-position":"center center","background-size":"auto","background-attachment":"scroll","background-type":"","background-media":"","overlay-type":"","overlay-color":"","overlay-opacity":"","overlay-gradient":""}},"ast-content-background-meta":{"desktop":{"background-color":"var(--ast-global-color-5)","background-image":"","background-repeat":"repeat","background-position":"center center","background-size":"auto","background-attachment":"scroll","background-type":"","background-media":"","overlay-type":"","overlay-color":"","overlay-opacity":"","overlay-gradient":""},"tablet":{"background-color":"var(--ast-global-color-5)","background-image":"","background-repeat":"repeat","background-position":"center center","background-size":"auto","background-attachment":"scroll","background-type":"","background-media":"","overlay-type":"","overlay-color":"","overlay-opacity":"","overlay-gradient":""},"mobile":{"background-color":"var(--ast-global-color-5)","background-image":"","background-repeat":"repeat","background-position":"center center","background-size":"auto","background-attachment":"scroll","background-type":"","background-media":"","overlay-type":"","overlay-color":"","overlay-opacity":"","overlay-gradient":""}},"footnotes":""},"class_list":["post-2121","page","type-page","status-publish","has-post-thumbnail","hentry"],"yoast_head":"<!-- This site is optimized with the Yoast SEO plugin v27.4 - https:\/\/yoast.com\/product\/yoast-seo-wordpress\/ -->\n<title>Our Partners - Crown Prince Alexander Foundation<\/title>\n<meta name=\"description\" content=\"Crown Prince Alexander Foundation Empowering education, creativity, culture, and innovation to support a thriving and progressive society.\" \/>\n<meta name=\"robots\" content=\"index, follow, max-snippet:-1, max-image-preview:large, max-video-preview:-1\" \/>\n<link rel=\"canonical\" href=\"https:\/\/pafond.rs\/sr\/our-partners\/\" \/>\n<meta property=\"og:locale\" content=\"sr_RS\" \/>\n<meta property=\"og:type\" content=\"article\" \/>\n<meta property=\"og:title\" content=\"Our Partners - Crown Prince Alexander Foundation\" \/>\n<meta property=\"og:description\" content=\"Crown Prince Alexander Foundation Empowering education, creativity, culture, and innovation to support a thriving and progressive society.\" \/>\n<meta property=\"og:url\" content=\"https:\/\/pafond.rs\/sr\/our-partners\/\" \/>\n<meta property=\"og:site_name\" content=\"Crown Prince Alexander Foundation\" \/>\n<meta property=\"article:publisher\" content=\"https:\/\/www.facebook.com\/Prestolonaslednik.Aleksandar\" \/>\n<meta property=\"article:modified_time\" content=\"2026-01-29T09:12:51+00:00\" \/>\n<meta property=\"og:image\" content=\"https:\/\/pafond.rs\/wp-content\/uploads\/2020\/01\/home-banner-04.jpg\" \/>\n\t<meta property=\"og:image:width\" content=\"1920\" \/>\n\t<meta property=\"og:image:height\" content=\"1100\" \/>\n\t<meta property=\"og:image:type\" content=\"image\/jpeg\" \/>\n<meta name=\"twitter:card\" content=\"summary_large_image\" \/>\n<meta name=\"twitter:label1\" content=\"\u041f\u0440\u043e\u0446\u0435\u045a\u0435\u043d\u043e \u0432\u0440\u0435\u043c\u0435 \u0447\u0438\u0442\u0430\u045a\u0430\" \/>\n\t<meta name=\"twitter:data1\" content=\"2 \u043c\u0438\u043d\u0443\u0442\u0430\" \/>\n<script type=\"application\/ld+json\" class=\"yoast-schema-graph\">{\"@context\":\"https:\\\/\\\/schema.org\",\"@graph\":[{\"@type\":\"WebPage\",\"@id\":\"https:\\\/\\\/pafond.rs\\\/our-partners\\\/\",\"url\":\"https:\\\/\\\/pafond.rs\\\/our-partners\\\/\",\"name\":\"Our Partners - Crown Prince Alexander Foundation\",\"isPartOf\":{\"@id\":\"https:\\\/\\\/pafond.rs\\\/#website\"},\"primaryImageOfPage\":{\"@id\":\"https:\\\/\\\/pafond.rs\\\/our-partners\\\/#primaryimage\"},\"image\":{\"@id\":\"https:\\\/\\\/pafond.rs\\\/our-partners\\\/#primaryimage\"},\"thumbnailUrl\":\"https:\\\/\\\/pafond.rs\\\/wp-content\\\/uploads\\\/2020\\\/01\\\/home-banner-04.jpg\",\"datePublished\":\"2025-11-19T13:43:01+00:00\",\"dateModified\":\"2026-01-29T09:12:51+00:00\",\"description\":\"Crown Prince Alexander Foundation Empowering education, creativity, culture, and innovation to support a thriving and progressive society.\",\"breadcrumb\":{\"@id\":\"https:\\\/\\\/pafond.rs\\\/our-partners\\\/#breadcrumb\"},\"inLanguage\":\"sr-RS\",\"potentialAction\":[{\"@type\":\"ReadAction\",\"target\":[\"https:\\\/\\\/pafond.rs\\\/our-partners\\\/\"]}]},{\"@type\":\"ImageObject\",\"inLanguage\":\"sr-RS\",\"@id\":\"https:\\\/\\\/pafond.rs\\\/our-partners\\\/#primaryimage\",\"url\":\"https:\\\/\\\/pafond.rs\\\/wp-content\\\/uploads\\\/2020\\\/01\\\/home-banner-04.jpg\",\"contentUrl\":\"https:\\\/\\\/pafond.rs\\\/wp-content\\\/uploads\\\/2020\\\/01\\\/home-banner-04.jpg\",\"width\":1920,\"height\":1100,\"caption\":\"Crown Prince Alexander\u2019s Foundation - Our Partners\"},{\"@type\":\"BreadcrumbList\",\"@id\":\"https:\\\/\\\/pafond.rs\\\/our-partners\\\/#breadcrumb\",\"itemListElement\":[{\"@type\":\"ListItem\",\"position\":1,\"name\":\"Home\",\"item\":\"https:\\\/\\\/pafond.rs\\\/\"},{\"@type\":\"ListItem\",\"position\":2,\"name\":\"Our Partners\"}]},{\"@type\":\"WebSite\",\"@id\":\"https:\\\/\\\/pafond.rs\\\/#website\",\"url\":\"https:\\\/\\\/pafond.rs\\\/\",\"name\":\"Crown Prince Alexander Foundation\",\"description\":\"Empowering education, creativity, culture, and innovation to support a thriving and progressive society.\",\"publisher\":{\"@id\":\"https:\\\/\\\/pafond.rs\\\/#organization\"},\"potentialAction\":[{\"@type\":\"SearchAction\",\"target\":{\"@type\":\"EntryPoint\",\"urlTemplate\":\"https:\\\/\\\/pafond.rs\\\/?s={search_term_string}\"},\"query-input\":{\"@type\":\"PropertyValueSpecification\",\"valueRequired\":true,\"valueName\":\"search_term_string\"}}],\"inLanguage\":\"sr-RS\"},{\"@type\":\"Organization\",\"@id\":\"https:\\\/\\\/pafond.rs\\\/#organization\",\"name\":\"Crown Prince Alexander Foundation\",\"url\":\"https:\\\/\\\/pafond.rs\\\/\",\"logo\":{\"@type\":\"ImageObject\",\"inLanguage\":\"sr-RS\",\"@id\":\"https:\\\/\\\/pafond.rs\\\/#\\\/schema\\\/logo\\\/image\\\/\",\"url\":\"https:\\\/\\\/pafond.rs\\\/wp-content\\\/uploads\\\/2025\\\/11\\\/Asset-1.png\",\"contentUrl\":\"https:\\\/\\\/pafond.rs\\\/wp-content\\\/uploads\\\/2025\\\/11\\\/Asset-1.png\",\"width\":1294,\"height\":1062,\"caption\":\"Crown Prince Alexander Foundation\"},\"image\":{\"@id\":\"https:\\\/\\\/pafond.rs\\\/#\\\/schema\\\/logo\\\/image\\\/\"},\"sameAs\":[\"https:\\\/\\\/www.facebook.com\\\/Prestolonaslednik.Aleksandar\"]}]}<\/script>\n<!-- \/ Yoast SEO plugin. -->","yoast_head_json":{"title":"Our Partners - Crown Prince Alexander Foundation","description":"Crown Prince Alexander Foundation Empowering education, creativity, culture, and innovation to support a thriving and progressive society.","robots":{"index":"index","follow":"follow","max-snippet":"max-snippet:-1","max-image-preview":"max-image-preview:large","max-video-preview":"max-video-preview:-1"},"canonical":"https:\/\/pafond.rs\/sr\/our-partners\/","og_locale":"sr_RS","og_type":"article","og_title":"Our Partners - Crown Prince Alexander Foundation","og_description":"Crown Prince Alexander Foundation Empowering education, creativity, culture, and innovation to support a thriving and progressive society.","og_url":"https:\/\/pafond.rs\/sr\/our-partners\/","og_site_name":"Crown Prince Alexander Foundation","article_publisher":"https:\/\/www.facebook.com\/Prestolonaslednik.Aleksandar","article_modified_time":"2026-01-29T09:12:51+00:00","og_image":[{"width":1920,"height":1100,"url":"https:\/\/pafond.rs\/wp-content\/uploads\/2020\/01\/home-banner-04.jpg","type":"image\/jpeg"}],"twitter_card":"summary_large_image","twitter_misc":{"\u041f\u0440\u043e\u0446\u0435\u045a\u0435\u043d\u043e \u0432\u0440\u0435\u043c\u0435 \u0447\u0438\u0442\u0430\u045a\u0430":"2 \u043c\u0438\u043d\u0443\u0442\u0430"},"schema":{"@context":"https:\/\/schema.org","@graph":[{"@type":"WebPage","@id":"https:\/\/pafond.rs\/our-partners\/","url":"https:\/\/pafond.rs\/our-partners\/","name":"Our Partners - Crown Prince Alexander Foundation","isPartOf":{"@id":"https:\/\/pafond.rs\/#website"},"primaryImageOfPage":{"@id":"https:\/\/pafond.rs\/our-partners\/#primaryimage"},"image":{"@id":"https:\/\/pafond.rs\/our-partners\/#primaryimage"},"thumbnailUrl":"https:\/\/pafond.rs\/wp-content\/uploads\/2020\/01\/home-banner-04.jpg","datePublished":"2025-11-19T13:43:01+00:00","dateModified":"2026-01-29T09:12:51+00:00","description":"Crown Prince Alexander Foundation Empowering education, creativity, culture, and innovation to support a thriving and progressive society.","breadcrumb":{"@id":"https:\/\/pafond.rs\/our-partners\/#breadcrumb"},"inLanguage":"sr-RS","potentialAction":[{"@type":"ReadAction","target":["https:\/\/pafond.rs\/our-partners\/"]}]},{"@type":"ImageObject","inLanguage":"sr-RS","@id":"https:\/\/pafond.rs\/our-partners\/#primaryimage","url":"https:\/\/pafond.rs\/wp-content\/uploads\/2020\/01\/home-banner-04.jpg","contentUrl":"https:\/\/pafond.rs\/wp-content\/uploads\/2020\/01\/home-banner-04.jpg","width":1920,"height":1100,"caption":"Crown Prince Alexander\u2019s Foundation - Our Partners"},{"@type":"BreadcrumbList","@id":"https:\/\/pafond.rs\/our-partners\/#breadcrumb","itemListElement":[{"@type":"ListItem","position":1,"name":"Home","item":"https:\/\/pafond.rs\/"},{"@type":"ListItem","position":2,"name":"Our Partners"}]},{"@type":"WebSite","@id":"https:\/\/pafond.rs\/#website","url":"https:\/\/pafond.rs\/","name":"Crown Prince Alexander Foundation","description":"Empowering education, creativity, culture, and innovation to support a thriving and progressive society.","publisher":{"@id":"https:\/\/pafond.rs\/#organization"},"potentialAction":[{"@type":"SearchAction","target":{"@type":"EntryPoint","urlTemplate":"https:\/\/pafond.rs\/?s={search_term_string}"},"query-input":{"@type":"PropertyValueSpecification","valueRequired":true,"valueName":"search_term_string"}}],"inLanguage":"sr-RS"},{"@type":"Organization","@id":"https:\/\/pafond.rs\/#organization","name":"Crown Prince Alexander Foundation","url":"https:\/\/pafond.rs\/","logo":{"@type":"ImageObject","inLanguage":"sr-RS","@id":"https:\/\/pafond.rs\/#\/schema\/logo\/image\/","url":"https:\/\/pafond.rs\/wp-content\/uploads\/2025\/11\/Asset-1.png","contentUrl":"https:\/\/pafond.rs\/wp-content\/uploads\/2025\/11\/Asset-1.png","width":1294,"height":1062,"caption":"Crown Prince Alexander Foundation"},"image":{"@id":"https:\/\/pafond.rs\/#\/schema\/logo\/image\/"},"sameAs":["https:\/\/www.facebook.com\/Prestolonaslednik.Aleksandar"]}]}},"campaignId":"","uagb_featured_image_src":{"full":["https:\/\/pafond.rs\/wp-content\/uploads\/2020\/01\/home-banner-04.jpg",1920,1100,false],"thumbnail":["https:\/\/pafond.rs\/wp-content\/uploads\/2020\/01\/home-banner-04-150x150.jpg",150,150,true],"medium":["https:\/\/pafond.rs\/wp-content\/uploads\/2020\/01\/home-banner-04-300x172.jpg",300,172,true],"medium_large":["https:\/\/pafond.rs\/wp-content\/uploads\/2020\/01\/home-banner-04-768x440.jpg",768,440,true],"large":["https:\/\/pafond.rs\/wp-content\/uploads\/2020\/01\/home-banner-04-1024x587.jpg",1024,587,true],"1536x1536":["https:\/\/pafond.rs\/wp-content\/uploads\/2020\/01\/home-banner-04-1536x880.jpg",1536,880,true],"2048x2048":["https:\/\/pafond.rs\/wp-content\/uploads\/2020\/01\/home-banner-04.jpg",1920,1100,false],"trp-custom-language-flag":["https:\/\/pafond.rs\/wp-content\/uploads\/2020\/01\/home-banner-04.jpg",18,10,false]},"uagb_author_info":{"display_name":"stefan","author_link":"https:\/\/pafond.rs\/sr\/author\/stefan\/"},"uagb_comment_info":0,"uagb_excerpt":null,"_links":{"self":[{"href":"https:\/\/pafond.rs\/sr\/wp-json\/wp\/v2\/pages\/2121","targetHints":{"allow":["GET"]}}],"collection":[{"href":"https:\/\/pafond.rs\/sr\/wp-json\/wp\/v2\/pages"}],"about":[{"href":"https:\/\/pafond.rs\/sr\/wp-json\/wp\/v2\/types\/page"}],"author":[{"embeddable":true,"href":"https:\/\/pafond.rs\/sr\/wp-json\/wp\/v2\/users\/1"}],"replies":[{"embeddable":true,"href":"https:\/\/pafond.rs\/sr\/wp-json\/wp\/v2\/comments?post=2121"}],"version-history":[{"count":18,"href":"https:\/\/pafond.rs\/sr\/wp-json\/wp\/v2\/pages\/2121\/revisions"}],"predecessor-version":[{"id":5699,"href":"https:\/\/pafond.rs\/sr\/wp-json\/wp\/v2\/pages\/2121\/revisions\/5699"}],"wp:featuredmedia":[{"embeddable":true,"href":"https:\/\/pafond.rs\/sr\/wp-json\/wp\/v2\/media\/1051"}],"wp:attachment":[{"href":"https:\/\/pafond.rs\/sr\/wp-json\/wp\/v2\/media?parent=2121"}],"curies":[{"name":"wp","href":"https:\/\/api.w.org\/{rel}","templated":true}]}}